{"id":2,"date":"2019-10-12T10:16:05","date_gmt":"2019-10-12T10:16:05","guid":{"rendered":"http:\/\/denisb.fr\/?page_id=2"},"modified":"2026-02-23T20:44:10","modified_gmt":"2026-02-23T20:44:10","slug":"sample-page","status":"publish","type":"page","link":"https:\/\/denisb.fr\/","title":{"rendered":""},"content":{"rendered":"\n<p class=\"has-text-align-center\" style=\"font-size:24px\">Id\u00e9es, inventions, marches et cr\u00e9ations musicales structur\u00e9es, faciles ou travaill\u00e9es, mes partages, mes bouteilles \u00e0 la mer, mes joies, mes mots cach\u00e9s, mes maux, des sons, ma progression, ma libert\u00e9.<\/p>\n\n\n\n<hr class=\"wp-block-separator has-css-opacity is-style-wide\"\/>\n\n\n\n<p>La musique bient\u00f4t automatique, oui da, mais faut-il encore appuyer sur un bouton, dur \ud83d\ude42<\/p>\n\n\n\n<figure class=\"wp-block-image size-large is-resized\"><img loading=\"lazy\" decoding=\"async\" width=\"1024\" height=\"1024\" src=\"http:\/\/denisb.fr\/wp-content\/uploads\/2025\/11\/Composition-de-type-western-assez-melancolique-par-DenisB-1024x1024.jpg\" alt=\"\" class=\"wp-image-130\" style=\"width:250px;height:auto\" srcset=\"https:\/\/denisb.fr\/wp-content\/uploads\/2025\/11\/Composition-de-type-western-assez-melancolique-par-DenisB-1024x1024.jpg 1024w, https:\/\/denisb.fr\/wp-content\/uploads\/2025\/11\/Composition-de-type-western-assez-melancolique-par-DenisB-300x300.jpg 300w, https:\/\/denisb.fr\/wp-content\/uploads\/2025\/11\/Composition-de-type-western-assez-melancolique-par-DenisB-150x150.jpg 150w, https:\/\/denisb.fr\/wp-content\/uploads\/2025\/11\/Composition-de-type-western-assez-melancolique-par-DenisB-768x768.jpg 768w, https:\/\/denisb.fr\/wp-content\/uploads\/2025\/11\/Composition-de-type-western-assez-melancolique-par-DenisB-640x640.jpg 640w, https:\/\/denisb.fr\/wp-content\/uploads\/2025\/11\/Composition-de-type-western-assez-melancolique-par-DenisB-180x180.jpg 180w, https:\/\/denisb.fr\/wp-content\/uploads\/2025\/11\/Composition-de-type-western-assez-melancolique-par-DenisB-50x50.jpg 50w, https:\/\/denisb.fr\/wp-content\/uploads\/2025\/11\/Composition-de-type-western-assez-melancolique-par-DenisB.jpg 1080w\" sizes=\"(max-width: 1024px) 100vw, 1024px\" \/><\/figure>\n\n\n\n<figure class=\"wp-block-audio\"><audio controls src=\"http:\/\/denisb.fr\/wp-content\/uploads\/2025\/11\/Composition-de-type-Western-assez-melancolique_master.mp3\"><\/audio><figcaption class=\"wp-element-caption\">Composition de type Western, assez m\u00e9lancolique (2011)<\/figcaption><\/figure>\n\n\n\n<p>Enfant des ann\u00e9es 70, berc\u00e9 \u00e0 J.S. Bach et \u00e0 toute la richesse de cette \u00e9poque charni\u00e8re 1950-1990, \u00e9poque de tous les recoupements de styles, tant en ce qui concerne le classique, que le jazz, le rock, la pop, la chanson fran\u00e7aise, l&#8217;arriv\u00e9e du fender rhodes, des synth\u00e9tiseurs, et les guitares qui grattent l&#8217;oreille, la cold wave, les punks, les VRPs, le ska, puis le grunge, mais aussi le top 50, de Jimmy Cliff \u00e0 H.F. Thi\u00e9faine, un joyeux m\u00e9lange o\u00f9 le n&#8217;importe quoi c\u00f4toie les chefs d\u2019\u0153uvres, ou pas, ou l&#8217;inverse de l&#8217;inverse, tout \u00e7a se colle \u00e0 nos souvenirs. Tout \u00e7a dans ma t\u00eate, tous ces instruments, de l&#8217;harmonie, du rythme, des m\u00e9lodies, des silences, des duos avec un fant\u00f4me, je fais ce que je veux, tout \u00e7a pour le plaisir des oreilles, ce plaisir sans interm\u00e9diaire, sans besoin d&#8217;apprendre la langue, \u00e7a te pla\u00eet ou pas, tout \u00e7a pour communiquer, parfois pour convertir le moche en beau, parfois pour faire du moche. Des cris, de la catharsis, du calme, mais d&#8217;abord&#8230; Les compos de l&#8217;album Solaris, the Journey, publi\u00e9 en 2019.<\/p>\n\n\n\n<figure class=\"wp-block-image size-large is-resized\"><img loading=\"lazy\" decoding=\"async\" width=\"1024\" height=\"1024\" src=\"http:\/\/denisb.fr\/wp-content\/uploads\/2025\/11\/rond_CD_118mm_CMJN-1024x1024.jpg\" alt=\"\" class=\"wp-image-139\" style=\"width:300px\" srcset=\"https:\/\/denisb.fr\/wp-content\/uploads\/2025\/11\/rond_CD_118mm_CMJN-1024x1024.jpg 1024w, https:\/\/denisb.fr\/wp-content\/uploads\/2025\/11\/rond_CD_118mm_CMJN-300x300.jpg 300w, https:\/\/denisb.fr\/wp-content\/uploads\/2025\/11\/rond_CD_118mm_CMJN-150x150.jpg 150w, https:\/\/denisb.fr\/wp-content\/uploads\/2025\/11\/rond_CD_118mm_CMJN-768x768.jpg 768w, https:\/\/denisb.fr\/wp-content\/uploads\/2025\/11\/rond_CD_118mm_CMJN-640x640.jpg 640w, https:\/\/denisb.fr\/wp-content\/uploads\/2025\/11\/rond_CD_118mm_CMJN-180x180.jpg 180w, https:\/\/denisb.fr\/wp-content\/uploads\/2025\/11\/rond_CD_118mm_CMJN-50x50.jpg 50w, https:\/\/denisb.fr\/wp-content\/uploads\/2025\/11\/rond_CD_118mm_CMJN.jpg 1394w\" sizes=\"(max-width: 1024px) 100vw, 1024px\" \/><\/figure>\n\n\n\n<p>Comment r\u00e9sister \u00e0 cette belle machine \u00e0 laver qu&#8217;est le synth\u00e9tiseur ? Ci-apr\u00e8s, le fabuleux Halion de Steinberg, assorti de quelques \u00e9chantillons de la biblioth\u00e8que de Cubase ; le batteur qui pose sa patte sur la machine, et pop<\/p>\n\n\n\n<figure class=\"wp-block-audio\"><audio controls src=\"http:\/\/denisb.fr\/wp-content\/uploads\/2025\/11\/1-Permission.mp3\"><\/audio><figcaption class=\"wp-element-caption\">1-Permission<\/figcaption><\/figure>\n\n\n\n<p>Du coup, c&#8217;est la f\u00eate, du boum boum facile, j&#8217;aime, car m\u00eame quand le c\u0153ur saigne, \u00e7a fait qu&#8217;on presse, ach.<\/p>\n\n\n\n<figure class=\"wp-block-audio\"><audio controls src=\"http:\/\/denisb.fr\/wp-content\/uploads\/2025\/11\/2-Quon-presse.mp3\"><\/audio><figcaption class=\"wp-element-caption\">2-Qu&#8217;on presse<\/figcaption><\/figure>\n\n\n\n<p>Petit tour sur V\u00e9ga,<\/p>\n\n\n\n<figure class=\"wp-block-audio\"><audio controls src=\"http:\/\/denisb.fr\/wp-content\/uploads\/2025\/11\/3-Vega.mp3\"><\/audio><figcaption class=\"wp-element-caption\">3-V\u00e9ga<\/figcaption><\/figure>\n\n\n\n<p>puis, autour d&#8217;Antar\u00e8s,<\/p>\n\n\n\n<figure class=\"wp-block-audio\"><audio controls src=\"http:\/\/denisb.fr\/wp-content\/uploads\/2025\/11\/4-Antares.mp3\"><\/audio><figcaption class=\"wp-element-caption\">4-Antar\u00e8s<\/figcaption><\/figure>\n\n\n\n<p>avant de revenir et de poursuivre, pour un temps, seul,<\/p>\n\n\n\n<figure class=\"wp-block-audio\"><audio controls src=\"http:\/\/denisb.fr\/wp-content\/uploads\/2025\/11\/5-Seul.mp3\"><\/audio><figcaption class=\"wp-element-caption\">5-Seul<\/figcaption><\/figure>\n\n\n\n<p>Mais pas sans attention, un morceau en forme de sucrerie, pour terminer.<\/p>\n\n\n\n<figure class=\"wp-block-audio\"><audio controls src=\"http:\/\/denisb.fr\/wp-content\/uploads\/2025\/11\/6-Attentions.mp3\"><\/audio><figcaption class=\"wp-element-caption\">6-Attentions<\/figcaption><\/figure>\n\n\n\n<p>Mais quelques notes de fl\u00fbte dans le vent me suffisent, au sommet des Pyr\u00e9n\u00e9es, d&#8217;o\u00f9 je lance souvent cet appel, patiemment, \u00e0 cinq heures le matin.<\/p>\n\n\n\n<figure class=\"wp-block-image size-large is-resized\"><img loading=\"lazy\" decoding=\"async\" width=\"1024\" height=\"1024\" src=\"http:\/\/denisb.fr\/wp-content\/uploads\/2025\/11\/flute-1024x1024.jpg\" alt=\"\" class=\"wp-image-147\" style=\"width:300px\" srcset=\"https:\/\/denisb.fr\/wp-content\/uploads\/2025\/11\/flute-1024x1024.jpg 1024w, https:\/\/denisb.fr\/wp-content\/uploads\/2025\/11\/flute-300x300.jpg 300w, https:\/\/denisb.fr\/wp-content\/uploads\/2025\/11\/flute-150x150.jpg 150w, https:\/\/denisb.fr\/wp-content\/uploads\/2025\/11\/flute-768x768.jpg 768w, https:\/\/denisb.fr\/wp-content\/uploads\/2025\/11\/flute-640x640.jpg 640w, https:\/\/denisb.fr\/wp-content\/uploads\/2025\/11\/flute-180x180.jpg 180w, https:\/\/denisb.fr\/wp-content\/uploads\/2025\/11\/flute-50x50.jpg 50w, https:\/\/denisb.fr\/wp-content\/uploads\/2025\/11\/flute.jpg 1080w\" sizes=\"(max-width: 1024px) 100vw, 1024px\" \/><\/figure>\n\n\n\n<figure class=\"wp-block-audio\"><audio controls src=\"http:\/\/denisb.fr\/wp-content\/uploads\/2025\/11\/Five-am-Call.mp3\"><\/audio><figcaption class=\"wp-element-caption\">Five am call<\/figcaption><\/figure>\n\n\n\n<p>Cinq ou six notes suffisent, mais maman a dit passe ton Bach d&#8217;abord, alors voici<\/p>\n\n\n\n<figure class=\"wp-block-image size-large is-resized\"><img loading=\"lazy\" decoding=\"async\" width=\"1024\" height=\"1024\" src=\"http:\/\/denisb.fr\/wp-content\/uploads\/2025\/11\/Pardo-1024x1024.jpg\" alt=\"\" class=\"wp-image-153\" style=\"width:300px\" srcset=\"https:\/\/denisb.fr\/wp-content\/uploads\/2025\/11\/Pardo-1024x1024.jpg 1024w, https:\/\/denisb.fr\/wp-content\/uploads\/2025\/11\/Pardo-300x300.jpg 300w, https:\/\/denisb.fr\/wp-content\/uploads\/2025\/11\/Pardo-150x150.jpg 150w, https:\/\/denisb.fr\/wp-content\/uploads\/2025\/11\/Pardo-768x768.jpg 768w, https:\/\/denisb.fr\/wp-content\/uploads\/2025\/11\/Pardo-640x640.jpg 640w, https:\/\/denisb.fr\/wp-content\/uploads\/2025\/11\/Pardo-180x180.jpg 180w, https:\/\/denisb.fr\/wp-content\/uploads\/2025\/11\/Pardo-50x50.jpg 50w, https:\/\/denisb.fr\/wp-content\/uploads\/2025\/11\/Pardo.jpg 1080w\" sizes=\"(max-width: 1024px) 100vw, 1024px\" \/><\/figure>\n\n\n\n<figure class=\"wp-block-audio\"><audio controls src=\"http:\/\/denisb.fr\/wp-content\/uploads\/2025\/11\/3_BWV988_JS_Bach_Denis.mp3\"><\/audio><figcaption class=\"wp-element-caption\">BWV988 J.S. Bach, Aria et variations 1 et 2 Goldberg<\/figcaption><\/figure>\n\n\n\n<p>Mais vite, je retourne \u00e0 mon synth\u00e9, mon beau Korg Kronos, et \u00e0 mon premier album Flying Peas, publi\u00e9 en 2018.<\/p>\n\n\n\n<figure class=\"wp-block-image size-large is-resized\"><img loading=\"lazy\" decoding=\"async\" width=\"1024\" height=\"536\" src=\"http:\/\/denisb.fr\/wp-content\/uploads\/2025\/11\/Pochette_carton-1024x536.png\" alt=\"\" class=\"wp-image-180\" style=\"width:600px\" srcset=\"https:\/\/denisb.fr\/wp-content\/uploads\/2025\/11\/Pochette_carton-1024x536.png 1024w, https:\/\/denisb.fr\/wp-content\/uploads\/2025\/11\/Pochette_carton-300x157.png 300w, https:\/\/denisb.fr\/wp-content\/uploads\/2025\/11\/Pochette_carton-768x402.png 768w, https:\/\/denisb.fr\/wp-content\/uploads\/2025\/11\/Pochette_carton.png 1491w\" sizes=\"(max-width: 1024px) 100vw, 1024px\" \/><\/figure>\n\n\n\n<p> J&#8217;en ai vendu, mais oui, j&#8217;ai d\u00e9j\u00e0 touch\u00e9 7 centimes de droits d&#8217;auteur (rescue me), hyper fier. \u00c0 bien analyser la situation, je suis toujours pas mort, toujours vivant, et pas Yvan ce qui n&#8217;aurait aucun sens puisque je suis DenisB, et que j&#8217;ai toutes mes dents. En bref, la machine est Still Running,<\/p>\n\n\n\n<figure class=\"wp-block-audio\"><audio controls src=\"http:\/\/denisb.fr\/wp-content\/uploads\/2025\/11\/1_Still-running.mp3\"><\/audio><figcaption class=\"wp-element-caption\">1-Still running<\/figcaption><\/figure>\n\n\n\n<p>Et puis voici Binary Stars, ou lorsque deux \u00e9toiles tournent autour l&#8217;une de l&#8217;autre, d\u00e9gagement d&#8217;\u00e9nergie garanti, on y perd des plumes,<\/p>\n\n\n\n<figure class=\"wp-block-audio\"><audio controls src=\"http:\/\/denisb.fr\/wp-content\/uploads\/2025\/11\/2_Binary-stars.mp3\"><\/audio><figcaption class=\"wp-element-caption\">2-Binary stars<\/figcaption><\/figure>\n\n\n\n<p>et en novembre, il pleut des petits pois.<\/p>\n\n\n\n<figure class=\"wp-block-audio\"><audio controls src=\"http:\/\/denisb.fr\/wp-content\/uploads\/2025\/11\/3_Flying_Peas.mp3\"><\/audio><figcaption class=\"wp-element-caption\">3-Flying peas<\/figcaption><\/figure>\n\n\n\n<p>\u00c0 la D\u00e9p\u00eache Mode.<\/p>\n\n\n\n<figure class=\"wp-block-audio\"><audio controls src=\"http:\/\/denisb.fr\/wp-content\/uploads\/2025\/11\/4_LikeaDM.mp3\"><\/audio><figcaption class=\"wp-element-caption\">4-LikeDM<\/figcaption><\/figure>\n\n\n\n<p>Pas \u00e0 pas, on finit par revenir \u00e0 la vie.<\/p>\n\n\n\n<figure class=\"wp-block-audio\"><audio controls src=\"http:\/\/denisb.fr\/wp-content\/uploads\/2025\/11\/5_A-small-step.mp3\"><\/audio><figcaption class=\"wp-element-caption\">5-A small step<\/figcaption><\/figure>\n\n\n\n<p>Flic floc.<\/p>\n\n\n\n<figure class=\"wp-block-audio\"><audio controls src=\"http:\/\/denisb.fr\/wp-content\/uploads\/2025\/11\/6_Into-It.mp3\"><\/audio><figcaption class=\"wp-element-caption\">6-Into it<\/figcaption><\/figure>\n\n\n\n<p>Se noyer dans le son du piano c&#8217;est tr\u00e8s agr\u00e9able aussi, on pose les doigts sur le clavier, et on gu\u00e9rit les bleus de l&#8217;\u00e2me, au moins un peu<\/p>\n\n\n\n<figure class=\"wp-block-image size-large is-resized\"><img loading=\"lazy\" decoding=\"async\" width=\"1024\" height=\"768\" src=\"http:\/\/denisb.fr\/wp-content\/uploads\/2025\/11\/P1060356-1024x768.jpg\" alt=\"\" class=\"wp-image-182\" style=\"width:300px\" srcset=\"https:\/\/denisb.fr\/wp-content\/uploads\/2025\/11\/P1060356-1024x768.jpg 1024w, https:\/\/denisb.fr\/wp-content\/uploads\/2025\/11\/P1060356-300x225.jpg 300w, https:\/\/denisb.fr\/wp-content\/uploads\/2025\/11\/P1060356-768x576.jpg 768w, https:\/\/denisb.fr\/wp-content\/uploads\/2025\/11\/P1060356-1536x1152.jpg 1536w, https:\/\/denisb.fr\/wp-content\/uploads\/2025\/11\/P1060356-2048x1536.jpg 2048w, https:\/\/denisb.fr\/wp-content\/uploads\/2025\/11\/P1060356-960x720.jpg 960w, https:\/\/denisb.fr\/wp-content\/uploads\/2025\/11\/P1060356-640x480.jpg 640w\" sizes=\"(max-width: 1024px) 100vw, 1024px\" \/><\/figure>\n\n\n\n<figure class=\"wp-block-audio\"><audio controls src=\"http:\/\/denisb.fr\/wp-content\/uploads\/2025\/11\/Memoire_aud.mp3\"><\/audio><figcaption class=\"wp-element-caption\">M\u00e9moire (2009)<\/figcaption><\/figure>\n\n\n\n<figure class=\"wp-block-image size-large is-resized\"><img loading=\"lazy\" decoding=\"async\" width=\"1024\" height=\"712\" src=\"http:\/\/denisb.fr\/wp-content\/uploads\/2025\/11\/P1060355-1024x712.png\" alt=\"\" class=\"wp-image-159\" style=\"width:300px\" srcset=\"https:\/\/denisb.fr\/wp-content\/uploads\/2025\/11\/P1060355-1024x712.png 1024w, https:\/\/denisb.fr\/wp-content\/uploads\/2025\/11\/P1060355-300x209.png 300w, https:\/\/denisb.fr\/wp-content\/uploads\/2025\/11\/P1060355-768x534.png 768w, https:\/\/denisb.fr\/wp-content\/uploads\/2025\/11\/P1060355.png 1214w\" sizes=\"(max-width: 1024px) 100vw, 1024px\" \/><\/figure>\n\n\n\n<p>Meilleurs v\u0153ux pour une amie, des notes amies pour son petit.<\/p>\n\n\n\n<figure class=\"wp-block-audio\"><audio controls src=\"http:\/\/denisb.fr\/wp-content\/uploads\/2025\/11\/Sugar-notes.wav\"><\/audio><figcaption class=\"wp-element-caption\">Sugar notes (2010)<\/figcaption><\/figure>\n\n\n\n<figure class=\"wp-block-image size-large is-resized\"><img loading=\"lazy\" decoding=\"async\" width=\"1024\" height=\"820\" src=\"http:\/\/denisb.fr\/wp-content\/uploads\/2025\/11\/composition-1024x820.png\" alt=\"\" class=\"wp-image-186\" style=\"width:300px\" srcset=\"https:\/\/denisb.fr\/wp-content\/uploads\/2025\/11\/composition-1024x820.png 1024w, https:\/\/denisb.fr\/wp-content\/uploads\/2025\/11\/composition-300x240.png 300w, https:\/\/denisb.fr\/wp-content\/uploads\/2025\/11\/composition-768x615.png 768w, https:\/\/denisb.fr\/wp-content\/uploads\/2025\/11\/composition.png 1401w\" sizes=\"(max-width: 1024px) 100vw, 1024px\" \/><\/figure>\n\n\n\n<p>Un c\u0153ur qui bat lentement, un hommage \u00e0 E. Satie<\/p>\n\n\n\n<figure class=\"wp-block-audio\"><audio controls src=\"http:\/\/denisb.fr\/wp-content\/uploads\/2025\/11\/Elle-reve_aud.mp3\"><\/audio><figcaption class=\"wp-element-caption\">Elle r\u00eave (2009)<\/figcaption><\/figure>\n\n\n\n<figure class=\"wp-block-image size-full is-resized\"><img loading=\"lazy\" decoding=\"async\" width=\"300\" height=\"242\" src=\"http:\/\/denisb.fr\/wp-content\/uploads\/2025\/11\/space_run.png\" alt=\"\" class=\"wp-image-194\" style=\"width:300px\"\/><\/figure>\n\n\n\n<p>Pas tous des sauvages<\/p>\n\n\n\n<figure class=\"wp-block-audio\"><audio controls src=\"http:\/\/denisb.fr\/wp-content\/uploads\/2025\/11\/Chopin_Op28_n4_sf.mp3\"><\/audio><figcaption class=\"wp-element-caption\">F. Chopin op28 n4<\/figcaption><\/figure>\n\n\n\n<figure class=\"wp-block-image size-full is-resized\"><img loading=\"lazy\" decoding=\"async\" width=\"930\" height=\"924\" src=\"http:\/\/denisb.fr\/wp-content\/uploads\/2025\/11\/lespoetes.png\" alt=\"\" class=\"wp-image-190\" style=\"width:300px\" srcset=\"https:\/\/denisb.fr\/wp-content\/uploads\/2025\/11\/lespoetes.png 930w, https:\/\/denisb.fr\/wp-content\/uploads\/2025\/11\/lespoetes-300x298.png 300w, https:\/\/denisb.fr\/wp-content\/uploads\/2025\/11\/lespoetes-150x150.png 150w, https:\/\/denisb.fr\/wp-content\/uploads\/2025\/11\/lespoetes-768x763.png 768w, https:\/\/denisb.fr\/wp-content\/uploads\/2025\/11\/lespoetes-180x180.png 180w, https:\/\/denisb.fr\/wp-content\/uploads\/2025\/11\/lespoetes-50x50.png 50w\" sizes=\"(max-width: 930px) 100vw, 930px\" \/><\/figure>\n\n\n\n<p>Un peu de piano, un peu m\u00e9lo., majeur mineur<\/p>\n\n\n\n<figure class=\"wp-block-audio\"><audio controls src=\"http:\/\/denisb.fr\/wp-content\/uploads\/2025\/11\/Les-poetes_oz_aud.mp3\"><\/audio><figcaption class=\"wp-element-caption\">Les po\u00e8tes (2009)<\/figcaption><\/figure>\n\n\n\n<p>Quand \u00e7a fait mal<\/p>\n\n\n\n<figure class=\"wp-block-image size-full is-resized\"><img loading=\"lazy\" decoding=\"async\" width=\"212\" height=\"149\" src=\"http:\/\/denisb.fr\/wp-content\/uploads\/2025\/11\/memoire.png\" alt=\"\" class=\"wp-image-199\" style=\"width:300px\"\/><\/figure>\n\n\n\n<figure class=\"wp-block-audio\"><audio controls src=\"http:\/\/denisb.fr\/wp-content\/uploads\/2025\/11\/interlude.mp3\"><\/audio><figcaption class=\"wp-element-caption\">Quand \u00e7a fat mal (2016)<\/figcaption><\/figure>\n\n\n\n<figure class=\"wp-block-image size-full is-resized\"><img loading=\"lazy\" decoding=\"async\" width=\"616\" height=\"616\" src=\"http:\/\/denisb.fr\/wp-content\/uploads\/2025\/11\/denisb_soundcloud.jpg\" alt=\"\" class=\"wp-image-160\" style=\"width:300px\" srcset=\"https:\/\/denisb.fr\/wp-content\/uploads\/2025\/11\/denisb_soundcloud.jpg 616w, https:\/\/denisb.fr\/wp-content\/uploads\/2025\/11\/denisb_soundcloud-300x300.jpg 300w, https:\/\/denisb.fr\/wp-content\/uploads\/2025\/11\/denisb_soundcloud-150x150.jpg 150w, https:\/\/denisb.fr\/wp-content\/uploads\/2025\/11\/denisb_soundcloud-180x180.jpg 180w, https:\/\/denisb.fr\/wp-content\/uploads\/2025\/11\/denisb_soundcloud-50x50.jpg 50w\" sizes=\"(max-width: 616px) 100vw, 616px\" \/><\/figure>\n\n\n\n<p>Il faut parfois avoir un c\u0153ur gros comme \u00e7a, voici Aude B. au chant avec un des textes des Chants du cr\u00e9puscule de Victor Hugo, souvent mis en musique.<\/p>\n\n\n\n<figure class=\"wp-block-audio\"><audio controls src=\"http:\/\/denisb.fr\/wp-content\/uploads\/2025\/11\/Ta-bouche-sur-ma-bouche_master_oz_aud.mp3\"><\/audio><figcaption class=\"wp-element-caption\">Ta bouche sur ma bouche (2009)<\/figcaption><\/figure>\n\n\n\n<figure class=\"wp-block-image size-large is-resized\"><img loading=\"lazy\" decoding=\"async\" width=\"1024\" height=\"1024\" src=\"http:\/\/denisb.fr\/wp-content\/uploads\/2025\/11\/feu-1024x1024.jpg\" alt=\"\" class=\"wp-image-163\" style=\"width:300px\" srcset=\"https:\/\/denisb.fr\/wp-content\/uploads\/2025\/11\/feu-1024x1024.jpg 1024w, https:\/\/denisb.fr\/wp-content\/uploads\/2025\/11\/feu-300x300.jpg 300w, https:\/\/denisb.fr\/wp-content\/uploads\/2025\/11\/feu-150x150.jpg 150w, https:\/\/denisb.fr\/wp-content\/uploads\/2025\/11\/feu-768x768.jpg 768w, https:\/\/denisb.fr\/wp-content\/uploads\/2025\/11\/feu-640x640.jpg 640w, https:\/\/denisb.fr\/wp-content\/uploads\/2025\/11\/feu-180x180.jpg 180w, https:\/\/denisb.fr\/wp-content\/uploads\/2025\/11\/feu-50x50.jpg 50w, https:\/\/denisb.fr\/wp-content\/uploads\/2025\/11\/feu.jpg 1080w\" sizes=\"(max-width: 1024px) 100vw, 1024px\" \/><\/figure>\n\n\n\n<p>Une journ\u00e9e, libre avec ma guitare, \u00e7a racle et \u00e7a crisse<\/p>\n\n\n\n<figure class=\"wp-block-audio\"><audio controls src=\"http:\/\/denisb.fr\/wp-content\/uploads\/2025\/11\/Bec-et-ongles_oz_aud.mp3\"><\/audio><figcaption class=\"wp-element-caption\">Bec et ongles (2013)<\/figcaption><\/figure>\n\n\n\n<figure class=\"wp-block-image size-large is-resized\"><img loading=\"lazy\" decoding=\"async\" width=\"1024\" height=\"768\" src=\"http:\/\/denisb.fr\/wp-content\/uploads\/2025\/11\/P1040493-1024x768.jpg\" alt=\"\" class=\"wp-image-200\" style=\"width:300px\" srcset=\"https:\/\/denisb.fr\/wp-content\/uploads\/2025\/11\/P1040493-1024x768.jpg 1024w, https:\/\/denisb.fr\/wp-content\/uploads\/2025\/11\/P1040493-300x225.jpg 300w, https:\/\/denisb.fr\/wp-content\/uploads\/2025\/11\/P1040493-768x576.jpg 768w, https:\/\/denisb.fr\/wp-content\/uploads\/2025\/11\/P1040493-1536x1152.jpg 1536w, https:\/\/denisb.fr\/wp-content\/uploads\/2025\/11\/P1040493-2048x1536.jpg 2048w, https:\/\/denisb.fr\/wp-content\/uploads\/2025\/11\/P1040493-960x720.jpg 960w, https:\/\/denisb.fr\/wp-content\/uploads\/2025\/11\/P1040493-640x480.jpg 640w\" sizes=\"(max-width: 1024px) 100vw, 1024px\" \/><\/figure>\n\n\n\n<p>Bossa pour \u00e7a<\/p>\n\n\n\n<figure class=\"wp-block-audio\"><audio controls src=\"http:\/\/denisb.fr\/wp-content\/uploads\/2025\/11\/bossa_denis_Render1.mp3\"><\/audio><figcaption class=\"wp-element-caption\">Bossa pour \u00e7a (2016)<\/figcaption><\/figure>\n\n\n\n<figure class=\"wp-block-image size-large is-resized\"><img loading=\"lazy\" decoding=\"async\" width=\"1024\" height=\"1024\" src=\"http:\/\/denisb.fr\/wp-content\/uploads\/2025\/11\/Cam_patinage-1024x1024.jpg\" alt=\"\" class=\"wp-image-202\" style=\"width:300px\" srcset=\"https:\/\/denisb.fr\/wp-content\/uploads\/2025\/11\/Cam_patinage-1024x1024.jpg 1024w, https:\/\/denisb.fr\/wp-content\/uploads\/2025\/11\/Cam_patinage-300x300.jpg 300w, https:\/\/denisb.fr\/wp-content\/uploads\/2025\/11\/Cam_patinage-150x150.jpg 150w, https:\/\/denisb.fr\/wp-content\/uploads\/2025\/11\/Cam_patinage-768x768.jpg 768w, https:\/\/denisb.fr\/wp-content\/uploads\/2025\/11\/Cam_patinage-640x640.jpg 640w, https:\/\/denisb.fr\/wp-content\/uploads\/2025\/11\/Cam_patinage-180x180.jpg 180w, https:\/\/denisb.fr\/wp-content\/uploads\/2025\/11\/Cam_patinage-50x50.jpg 50w, https:\/\/denisb.fr\/wp-content\/uploads\/2025\/11\/Cam_patinage.jpg 1080w\" sizes=\"(max-width: 1024px) 100vw, 1024px\" \/><\/figure>\n\n\n\n<p>Courir<\/p>\n\n\n\n<figure class=\"wp-block-audio\"><audio controls src=\"http:\/\/denisb.fr\/wp-content\/uploads\/2025\/11\/courir.mp3\"><\/audio><figcaption class=\"wp-element-caption\">Courir (2020)<\/figcaption><\/figure>\n\n\n\n<hr class=\"wp-block-separator has-css-opacity\"\/>\n\n\n\n<hr class=\"wp-block-separator has-css-opacity\"\/>\n\n\n\n<div style=\"height:20px\" aria-hidden=\"true\" class=\"wp-block-spacer\"><\/div>\n\n\n\n<p class=\"has-small-font-size\">Derni\u00e8re mise \u00e0 jour le 29 novembre 2025<\/p>\n","protected":false},"excerpt":{"rendered":"<p>Id\u00e9es, inventions, marches et cr\u00e9ations musicales structur\u00e9es, faciles ou travaill\u00e9es, mes partages, mes bouteilles \u00e0 la mer, mes joies, mes mots cach\u00e9s, mes maux, des sons, ma progression, ma libert\u00e9.<a href=\"https:\/\/denisb.fr\/\" class=\"more-link\"><span class=\"readmore\">Continue reading<span class=\"screen-reader-text\"><\/span><\/span><\/a><\/p>\n","protected":false},"author":1,"featured_media":0,"parent":0,"menu_order":0,"comment_status":"closed","ping_status":"open","template":"","meta":{"footnotes":""},"class_list":["post-2","page","type-page","status-publish","hentry"],"_links":{"self":[{"href":"https:\/\/denisb.fr\/index.php?rest_route=\/wp\/v2\/pages\/2"}],"collection":[{"href":"https:\/\/denisb.fr\/index.php?rest_route=\/wp\/v2\/pages"}],"about":[{"href":"https:\/\/denisb.fr\/index.php?rest_route=\/wp\/v2\/types\/page"}],"author":[{"embeddable":true,"href":"https:\/\/denisb.fr\/index.php?rest_route=\/wp\/v2\/users\/1"}],"replies":[{"embeddable":true,"href":"https:\/\/denisb.fr\/index.php?rest_route=%2Fwp%2Fv2%2Fcomments&post=2"}],"version-history":[{"count":108,"href":"https:\/\/denisb.fr\/index.php?rest_route=\/wp\/v2\/pages\/2\/revisions"}],"predecessor-version":[{"id":211,"href":"https:\/\/denisb.fr\/index.php?rest_route=\/wp\/v2\/pages\/2\/revisions\/211"}],"wp:attachment":[{"href":"https:\/\/denisb.fr\/index.php?rest_route=%2Fwp%2Fv2%2Fmedia&parent=2"}],"curies":[{"name":"wp","href":"https:\/\/api.w.org\/{rel}","templated":true}]}}